{"id":44544,"date":"2020-04-30T10:32:31","date_gmt":"2020-04-30T10:32:31","guid":{"rendered":"https:\/\/casa-palinuro-vacanze.com\/?page_id=44544"},"modified":"2026-02-05T14:36:01","modified_gmt":"2026-02-05T14:36:01","slug":"kontakte","status":"publish","type":"page","link":"https:\/\/casa-palinuro-vacanze.com\/de\/kontakte\/","title":{"rendered":"KONTAKTE"},"content":{"rendered":"\t\t<div data-elementor-type=\"wp-page\" data-elementor-id=\"44544\" class=\"elementor elementor-44544 elementor-1440\" data-elementor-post-type=\"page\">\n\t\t\t\t\t\t<section class=\"elementor-section elementor-top-section elementor-element elementor-element-1026519 elementor-section-full_width elementor-section-content-middle elementor-section-stretched elementor-section-height-default elementor-section-height-default sc_fly_static\" data-id=\"1026519\" data-element_type=\"section\" data-e-type=\"section\" data-settings=\"{&quot;stretch_section&quot;:&quot;section-stretched&quot;,&quot;background_background&quot;:&quot;classic&quot;,&quot;shape_divider_bottom&quot;:&quot;mountains&quot;}\">\n\t\t\t\t\t\t\t<div class=\"elementor-background-overlay\"><\/div>\n\t\t\t\t\t\t<div class=\"elementor-shape elementor-shape-bottom\" aria-hidden=\"true\" data-negative=\"false\">\n\t\t\t<svg xmlns=\"http:\/\/www.w3.org\/2000\/svg\" viewBox=\"0 0 1000 100\" preserveAspectRatio=\"none\">\n\t<path class=\"elementor-shape-fill\" opacity=\"0.33\" d=\"M473,67.3c-203.9,88.3-263.1-34-320.3,0C66,119.1,0,59.7,0,59.7V0h1000v59.7 c0,0-62.1,26.1-94.9,29.3c-32.8,3.3-62.8-12.3-75.8-22.1C806,49.6,745.3,8.7,694.9,4.7S492.4,59,473,67.3z\"\/>\n\t<path class=\"elementor-shape-fill\" opacity=\"0.66\" d=\"M734,67.3c-45.5,0-77.2-23.2-129.1-39.1c-28.6-8.7-150.3-10.1-254,39.1 s-91.7-34.4-149.2,0C115.7,118.3,0,39.8,0,39.8V0h1000v36.5c0,0-28.2-18.5-92.1-18.5C810.2,18.1,775.7,67.3,734,67.3z\"\/>\n\t<path class=\"elementor-shape-fill\" d=\"M766.1,28.9c-200-57.5-266,65.5-395.1,19.5C242,1.8,242,5.4,184.8,20.6C128,35.8,132.3,44.9,89.9,52.5C28.6,63.7,0,0,0,0 h1000c0,0-9.9,40.9-83.6,48.1S829.6,47,766.1,28.9z\"\/>\n<\/svg>\t\t<\/div>\n\t\t\t\t\t<div class=\"elementor-container elementor-column-gap-default\">\n\t\t\t\t\t<div class=\"elementor-column elementor-col-100 elementor-top-column elementor-element elementor-element-958beb2 sc_content_align_inherit sc_layouts_column_icons_position_left sc_fly_static\" data-id=\"958beb2\" data-element_type=\"column\" data-e-type=\"column\">\n\t\t\t<div class=\"elementor-widget-wrap elementor-element-populated\">\n\t\t\t\t\t\t<div data-animation-type=\"block\" class=\"elementor-element elementor-element-82d1600 scheme_default animation_type_block sc_fly_static elementor-invisible elementor-widget elementor-widget-trx_sc_title\" data-id=\"82d1600\" data-element_type=\"widget\" data-e-type=\"widget\" data-settings=\"{&quot;_animation&quot;:&quot;cabana-fadeinup&quot;}\" data-widget_type=\"trx_sc_title.default\">\n\t\t\t\t<div class=\"elementor-widget-container\">\n\t\t\t\t\t<div\t\tclass=\"sc_title scheme_default sc_title_default\" ><h1 class=\"sc_item_title sc_title_title sc_align_center sc_item_title_style_default sc_item_title_tag trx_addons_inline_915497384\"\n\t\t\t><span class=\"sc_item_title_text\">KONTAKTE<\/span><\/h1><\/div>\t\t\t\t<\/div>\n\t\t\t\t<\/div>\n\t\t\t\t\t<\/div>\n\t\t<\/div>\n\t\t\t\t\t<\/div>\n\t\t<\/section>\n\t\t\t\t<section class=\"elementor-section elementor-top-section elementor-element elementor-element-c32bfb9 elementor-section-full_width elementor-section-height-default elementor-section-height-default sc_fly_static\" data-id=\"c32bfb9\" data-element_type=\"section\" data-e-type=\"section\">\n\t\t\t\t\t\t<div class=\"elementor-container elementor-column-gap-no\">\n\t\t\t\t\t<div class=\"elementor-column elementor-col-100 elementor-top-column elementor-element elementor-element-427da4e sc_content_align_inherit sc_layouts_column_icons_position_left sc_fly_static\" data-id=\"427da4e\" data-element_type=\"column\" data-e-type=\"column\">\n\t\t\t<div class=\"elementor-widget-wrap elementor-element-populated\">\n\t\t\t\t\t\t<div class=\"elementor-element elementor-element-1d54173 sc_height_huge sc_fly_static elementor-widget elementor-widget-spacer\" data-id=\"1d54173\" data-element_type=\"widget\" data-e-type=\"widget\" data-widget_type=\"spacer.default\">\n\t\t\t\t<div class=\"elementor-widget-container\">\n\t\t\t\t\t\t\t<div class=\"elementor-spacer\">\n\t\t\t<div class=\"elementor-spacer-inner\"><\/div>\n\t\t<\/div>\n\t\t\t\t\t\t<\/div>\n\t\t\t\t<\/div>\n\t\t\t\t<section class=\"elementor-section elementor-inner-section elementor-element elementor-element-3e4f56c elementor-section-boxed elementor-section-height-default elementor-section-height-default sc_fly_static\" data-id=\"3e4f56c\" data-element_type=\"section\" data-e-type=\"section\">\n\t\t\t\t\t\t<div class=\"elementor-container elementor-column-gap-extended\">\n\t\t\t\t\t<div class=\"elementor-column elementor-col-50 elementor-inner-column elementor-element elementor-element-558ae6e sc_content_align_inherit sc_layouts_column_icons_position_left sc_fly_static\" data-id=\"558ae6e\" data-element_type=\"column\" data-e-type=\"column\">\n\t\t\t<div class=\"elementor-widget-wrap elementor-element-populated\">\n\t\t\t\t\t\t<div class=\"elementor-element elementor-element-e914d30 elementor-widget__width-initial elementor-widget-tablet__width-initial elementor-widget-mobile__width-initial sc_fly_static elementor-widget elementor-widget-trx_sc_title\" data-id=\"e914d30\" data-element_type=\"widget\" data-e-type=\"widget\" data-widget_type=\"trx_sc_title.default\">\n\t\t\t\t<div class=\"elementor-widget-container\">\n\t\t\t\t\t<div\t\tclass=\"sc_title color_style_dark sc_title_default\" ><span class=\"sc_item_subtitle sc_title_subtitle sc_item_subtitle_above sc_item_title_style_default\">KONTAKTE<\/span><h1 class=\"sc_item_title sc_title_title sc_item_title_style_default sc_item_title_tag\"\n\t\t\t><span class=\"sc_item_title_text\">Ferienhaus in Palinuro\n<\/span><\/h1><\/div>\t\t\t\t<\/div>\n\t\t\t\t<\/div>\n\t\t\t\t<div class=\"elementor-element elementor-element-d80536c sc_height_small sc_fly_static elementor-widget elementor-widget-spacer\" data-id=\"d80536c\" data-element_type=\"widget\" data-e-type=\"widget\" data-widget_type=\"spacer.default\">\n\t\t\t\t<div class=\"elementor-widget-container\">\n\t\t\t\t\t\t\t<div class=\"elementor-spacer\">\n\t\t\t<div class=\"elementor-spacer-inner\"><\/div>\n\t\t<\/div>\n\t\t\t\t\t\t<\/div>\n\t\t\t\t<\/div>\n\t\t\t\t<div class=\"elementor-element elementor-element-65c29cc sc_fly_static elementor-widget elementor-widget-html\" data-id=\"65c29cc\" data-element_type=\"widget\" data-e-type=\"widget\" data-widget_type=\"html.default\">\n\t\t\t\t<div class=\"elementor-widget-container\">\n\t\t\t\t\t<style>\r\n  .contact-box {\r\n    background: #ffffff;\r\n    border-radius: 14px;\r\n    padding: 22px 24px;\r\n    margin: 20px 0;\r\n    font-family: system-ui, sans-serif;\r\n    box-shadow: 0 6px 20px rgba(0,0,0,0.08);\r\n    border: 1px solid #dce6f3;\r\n  }\r\n\r\n  .contact-title {\r\n    font-size: 20px;\r\n    font-weight: 700;\r\n    color: #0077c8;\r\n    margin-bottom: 14px;\r\n    display: flex;\r\n    align-items: center;\r\n    gap: 10px;\r\n  }\r\n\r\n  .contact-title span {\r\n    font-size: 24px;\r\n  }\r\n\r\n  .contact-box p {\r\n    margin: 6px 0;\r\n    font-size: 15px;\r\n    color: #333;\r\n  }\r\n\r\n  .contact-box a {\r\n    color: #0077c8;\r\n    text-decoration: none;\r\n  }\r\n\r\n  .contact-box a:hover {\r\n    text-decoration: underline;\r\n  }\r\n<\/style>\r\n\r\n<div class=\"contact-box\">\r\n\r\n  <p><strong>Ort:<\/strong> Palinuro (SA) \u2013 Localit\u00e0 Saline<\/p>\r\n\r\n  <p><strong>E-Mail:<\/strong>  \r\n    <a href=\"mailto:info@casa-palinuro-vacanze.com\">info@casa-palinuro-vacanze.com<\/a>\r\n  <\/p>\r\n\r\n  <p><strong>Mobiltelefon 1:<\/strong>  \r\n    <a href=\"tel:+393336021660\">(+39) 333.602.1660<\/a>\r\n  <\/p>\r\n\r\n  <p><strong>Mobiltelefon 2:<\/strong>  \r\n    <a href=\"tel:+393402273374\">(+39) 340.227.3374<\/a>\r\n  <\/p>\r\n\r\n<\/div>\r\n\t\t\t\t<\/div>\n\t\t\t\t<\/div>\n\t\t\t\t<div class=\"elementor-element elementor-element-6d5eccb sc_layouts_hide_on_mobile sc_fly_static elementor-widget elementor-widget-spacer\" data-id=\"6d5eccb\" data-element_type=\"widget\" data-e-type=\"widget\" data-widget_type=\"spacer.default\">\n\t\t\t\t<div class=\"elementor-widget-container\">\n\t\t\t\t\t\t\t<div class=\"elementor-spacer\">\n\t\t\t<div class=\"elementor-spacer-inner\"><\/div>\n\t\t<\/div>\n\t\t\t\t\t\t<\/div>\n\t\t\t\t<\/div>\n\t\t\t\t<div class=\"elementor-element elementor-element-42adf8c sc_fly_static elementor-widget elementor-widget-html\" data-id=\"42adf8c\" data-element_type=\"widget\" data-e-type=\"widget\" data-widget_type=\"html.default\">\n\t\t\t\t<div class=\"elementor-widget-container\">\n\t\t\t\t\t<style>\r\n  .contact-info-box {\r\n    background: #ffffff;\r\n    border-radius: 14px;\r\n    padding: 22px 24px;\r\n    margin: 20px 0;\r\n    font-family: system-ui, sans-serif;\r\n    box-shadow: 0 6px 20px rgba(0,0,0,0.08);\r\n    border: 1px solid #dce6f3;\r\n  }\r\n\r\n  .contact-info-title {\r\n    font-size: 20px;\r\n    font-weight: 700;\r\n    color: #0077c8;\r\n    margin-bottom: 12px;\r\n    display: flex;\r\n    align-items: center;\r\n    gap: 10px;\r\n  }\r\n\r\n  .contact-info-title span {\r\n    font-size: 24px;\r\n  }\r\n\r\n  .contact-info-box p {\r\n    margin: 6px 0;\r\n    font-size: 15px;\r\n    color: #333;\r\n    line-height: 1.55;\r\n  }\r\n<\/style>\r\n\r\n<div class=\"contact-info-box\">\r\n  <div class=\"contact-info-title\"><span>\u2709\ufe0f<\/span>Schnellkontakt<\/div>\r\n\r\n  <p>F\u00fcr eine schnelle Kontaktaufnahme f\u00fcllen Sie bitte das untenstehende Formular aus und achten Sie darauf, alle Pflichtfelder <strong>(*)<\/strong> auszuf\u00fcllen.<\/p>\r\n\r\n  <p>Kommentare und Fragen sind herzlich willkommen.<\/p>\r\n<\/div>\r\n\t\t\t\t<\/div>\n\t\t\t\t<\/div>\n\t\t\t\t\t<\/div>\n\t\t<\/div>\n\t\t\t\t<div class=\"elementor-column elementor-col-50 elementor-inner-column elementor-element elementor-element-cdd7742 sc_content_align_inherit sc_layouts_column_icons_position_left sc_fly_static\" data-id=\"cdd7742\" data-element_type=\"column\" data-e-type=\"column\" data-settings=\"{&quot;background_background&quot;:&quot;classic&quot;}\">\n\t\t\t<div class=\"elementor-widget-wrap elementor-element-populated\">\n\t\t\t\t\t\t<div class=\"elementor-element elementor-element-9871bdc sc_fly_static elementor-widget elementor-widget-spacer\" data-id=\"9871bdc\" data-element_type=\"widget\" data-e-type=\"widget\" data-widget_type=\"spacer.default\">\n\t\t\t\t<div class=\"elementor-widget-container\">\n\t\t\t\t\t\t\t<div class=\"elementor-spacer\">\n\t\t\t<div class=\"elementor-spacer-inner\"><\/div>\n\t\t<\/div>\n\t\t\t\t\t\t<\/div>\n\t\t\t\t<\/div>\n\t\t\t\t<div class=\"elementor-element elementor-element-736b724 sc_fly_static elementor-widget elementor-widget-trx_sc_contact_form_7\" data-id=\"736b724\" data-element_type=\"widget\" data-e-type=\"widget\" data-widget_type=\"trx_sc_contact_form_7.default\">\n\t\t\t\t<div class=\"elementor-widget-container\">\n\t\t\t\t\t\n<div class=\"wpcf7 no-js\" id=\"wpcf7-f44618-o1\" lang=\"it-IT\" dir=\"ltr\" data-wpcf7-id=\"44618\">\n<div class=\"screen-reader-response\"><p role=\"status\" aria-live=\"polite\" aria-atomic=\"true\"><\/p> <ul><\/ul><\/div>\n<form action=\"\/de\/wp-json\/wp\/v2\/pages\/44544#wpcf7-f44618-o1\" method=\"post\" class=\"wpcf7-form init\" aria-label=\"Modulo di contatto\" novalidate=\"novalidate\" data-status=\"init\">\n<fieldset class=\"hidden-fields-container\"><input type=\"hidden\" name=\"_wpcf7\" value=\"44618\" \/><input type=\"hidden\" name=\"_wpcf7_version\" value=\"6.1.5\" \/><input type=\"hidden\" name=\"_wpcf7_locale\" value=\"it_IT\" \/><input type=\"hidden\" name=\"_wpcf7_unit_tag\" value=\"wpcf7-f44618-o1\" \/><input type=\"hidden\" name=\"_wpcf7_container_post\" value=\"0\" \/><input type=\"hidden\" name=\"_wpcf7_posted_data_hash\" value=\"\" \/>\n<\/fieldset>\n<style>\n \/* Riduzione spazi e correzione per tema *\/\n .form-style-3 .columns_wrap {\n margin-bottom: 6px !important;\n }\n .form-style-3 .style-line {\n display: block !important;\n margin-bottom: 4px !important;\n padding: 6px 8px !important;\n }\n .form-style-3 p {\n margin: 4px 0 !important;\n padding: 0 !important;\n }\n .form-style-3 .column-1_1,\n .form-style-3 .column-1_2 {\n margin-bottom: 4px !important;\n }\n .form-style-3 input[type=\"checkbox\"] {\n margin-right: 6px !important;\n transform: scale(1.1);\n }\n .form-style-3 br {\n display: none !important;\n }\n<\/style>\n<div class=\"form-style-3\">\n\n <!-- Nome + Cognome -->\n\t<div class=\"columns_wrap\">\n\t\t<div class=\"column-1_2\">\n\t\t\t<p><span class=\"style-line icon-name\"><br \/>\n<span class=\"wpcf7-form-control-wrap\" data-name=\"nome\"><input size=\"40\" maxlength=\"400\" class=\"wpcf7-form-control wpcf7-text wpcf7-validates-as-required\" aria-required=\"true\" aria-invalid=\"false\" placeholder=\"Vorname*\" value=\"\" type=\"text\" name=\"nome\" \/><\/span><br \/>\n<\/span>\n\t\t\t<\/p>\n\t\t<\/div>\n\t\t<div class=\"column-1_2\">\n\t\t\t<p><span class=\"style-line icon-user\"><br \/>\n<span class=\"wpcf7-form-control-wrap\" data-name=\"cognome\"><input size=\"40\" maxlength=\"400\" class=\"wpcf7-form-control wpcf7-text wpcf7-validates-as-required\" aria-required=\"true\" aria-invalid=\"false\" placeholder=\"Nachname*\" value=\"\" type=\"text\" name=\"cognome\" \/><\/span><br \/>\n<\/span>\n\t\t\t<\/p>\n\t\t<\/div>\n\t<\/div>\n\n <!-- Email + Telefono -->\n\t<div class=\"columns_wrap\">\n\t\t<div class=\"column-1_2\">\n\t\t\t<p><span class=\"style-line icon-email\"><br \/>\n<span class=\"wpcf7-form-control-wrap\" data-name=\"email\"><input size=\"40\" maxlength=\"400\" class=\"wpcf7-form-control wpcf7-email wpcf7-validates-as-required wpcf7-text wpcf7-validates-as-email\" aria-required=\"true\" aria-invalid=\"false\" placeholder=\"E-Mail*\" value=\"\" type=\"email\" name=\"email\" \/><\/span><br \/>\n<\/span>\n\t\t\t<\/p>\n\t\t<\/div>\n\t\t<div class=\"column-1_2\">\n\t\t\t<p><span class=\"style-line icon-phone\"><br \/>\n<span class=\"wpcf7-form-control-wrap\" data-name=\"telefono\"><input size=\"40\" maxlength=\"400\" class=\"wpcf7-form-control wpcf7-tel wpcf7-validates-as-required wpcf7-text wpcf7-validates-as-tel\" aria-required=\"true\" aria-invalid=\"false\" placeholder=\"Telefon*\" value=\"\" type=\"tel\" name=\"telefono\" \/><\/span><br \/>\n<\/span>\n\t\t\t<\/p>\n\t\t<\/div>\n\t<\/div>\n\n <!-- LE CASE -->\n\t<div class=\"columns_wrap\">\n\t\t<div class=\"column-1_1\">\n\t\t\t<p><span class=\"style-line icon-home\"><br \/>\n<span class=\"wpcf7-form-control-wrap\" data-name=\"tipologia-casa\"><select class=\"wpcf7-form-control wpcf7-select wpcf7-validates-as-required\" aria-required=\"true\" aria-invalid=\"false\" name=\"tipologia-casa\"><option value=\"Unterkunftsart ausw\u00e4hlen*\">Unterkunftsart ausw\u00e4hlen*<\/option><option value=\"Einzimmerwohnung \u2013 direkt am Meer\">Einzimmerwohnung \u2013 direkt am Meer<\/option><option value=\"Einzimmer-Reihenwohnung\">Einzimmer-Reihenwohnung<\/option><option value=\"Einzimmerwohnung Nr. 8\">Einzimmerwohnung Nr. 8<\/option><option value=\"Zweizimmerwohnung Nr. 9\">Zweizimmerwohnung Nr. 9<\/option><option value=\"Zweizimmerwohnung Nr. 11\">Zweizimmerwohnung Nr. 11<\/option><\/select><\/span><br \/>\n<\/span>\n\t\t\t<\/p>\n\t\t<\/div>\n\t<\/div>\n\n <!-- Oggetto -->\n\t<div class=\"columns_wrap\">\n\t\t<div class=\"column-1_1\">\n\t\t\t<p><span class=\"style-line icon-info\"><br \/>\n<span class=\"wpcf7-form-control-wrap\" data-name=\"oggetto\"><input size=\"40\" maxlength=\"400\" class=\"wpcf7-form-control wpcf7-text wpcf7-validates-as-required\" aria-required=\"true\" aria-invalid=\"false\" placeholder=\"Betreff*\" value=\"\" type=\"text\" name=\"oggetto\" \/><\/span><br \/>\n<\/span>\n\t\t\t<\/p>\n\t\t<\/div>\n\t<\/div>\n\n <!-- Messaggio -->\n\t<div class=\"columns_wrap\">\n\t\t<div class=\"column-1_1\">\n\t\t\t<p><span class=\"style-line icon-textarea\"><br \/>\n<span class=\"wpcf7-form-control-wrap\" data-name=\"messaggio\"><textarea cols=\"40\" rows=\"10\" maxlength=\"2000\" class=\"wpcf7-form-control wpcf7-textarea wpcf7-validates-as-required\" aria-required=\"true\" aria-invalid=\"false\" placeholder=\"Nachricht*\" name=\"messaggio\"><\/textarea><\/span><br \/>\n<\/span>\n\t\t\t<\/p>\n\t\t<\/div>\n\t<\/div>\n\n <!-- Privacy spiegazione -->\n\t<p style=\"font-size:14px;\"><br \/>\nLesen Sie unsere <a href=\"https:\/\/casa-palinuro-vacanze.com\/de\/datenschutz-und-cookie-erklaerung\/\" target=\"_blank\">Datenschutzerkl\u00e4rung<\/a>, um zu erfahren, wie wir Ihre personenbezogenen Daten verarbeiten.\n\t<\/p>\n\n <!-- Checkbox privacy -->\n\t<div class=\"columns_wrap\">\n\t\t<div class=\"column-1_1\">\n\t\t\t<p><span class=\"style-line icon-check\"><br \/>\n<span class=\"wpcf7-form-control-wrap\" data-name=\"privacy-consenso\"><span class=\"wpcf7-form-control wpcf7-checkbox wpcf7-validates-as-required\"><span class=\"wpcf7-list-item first last\"><label><input type=\"checkbox\" name=\"privacy-consenso[]\" value=\"JA, ich erkl\u00e4re, dass ich die Datenschutzerkl\u00e4rung gelesen habe und ausdr\u00fccklich akzeptiere\" \/><span class=\"wpcf7-list-item-label\">JA, ich erkl\u00e4re, dass ich die Datenschutzerkl\u00e4rung gelesen habe und ausdr\u00fccklich akzeptiere<\/span><\/label><\/span><\/span><\/span><br \/>\n<\/span>\n\t\t\t<\/p>\n\t\t<\/div>\n\t<\/div>\n\n <!-- Checkbox newsletter -->\n\t<div class=\"columns_wrap\">\n\t\t<div class=\"column-1_1\">\n\t\t\t<p><span class=\"style-line icon-newsletter\"><br \/>\n<span class=\"wpcf7-form-control-wrap\" data-name=\"newsletter\"><span class=\"wpcf7-form-control wpcf7-checkbox\"><span class=\"wpcf7-list-item first last\"><label><input type=\"checkbox\" name=\"newsletter[]\" value=\"JA, ich m\u00f6chte den Newsletter abonnieren, um Angebote und Aktionen zu erhalten\" \/><span class=\"wpcf7-list-item-label\">JA, ich m\u00f6chte den Newsletter abonnieren, um Angebote und Aktionen zu erhalten<\/span><\/label><\/span><\/span><\/span><br \/>\n<\/span>\n\t\t\t<\/p>\n\t\t<\/div>\n\t<\/div>\n\n <!-- Pulsante invio -->\n\t<div style=\"margin-top:10px;\">\n\t\t<p><input class=\"wpcf7-form-control wpcf7-submit has-spinner\" type=\"submit\" value=\"Nachricht senden\" \/>\n\t\t<\/p>\n\t<\/div>\n<\/div><div class=\"wpcf7-response-output\" aria-hidden=\"true\"><\/div>\n<\/form>\n<\/div>\n\t\t\t\t<\/div>\n\t\t\t\t<\/div>\n\t\t\t\t\t<\/div>\n\t\t<\/div>\n\t\t\t\t\t<\/div>\n\t\t<\/section>\n\t\t\t\t\t<\/div>\n\t\t<\/div>\n\t\t\t\t\t<\/div>\n\t\t<\/section>\n\t\t\t\t<section class=\"elementor-section elementor-top-section elementor-element elementor-element-d802fca elementor-section-boxed elementor-section-height-default elementor-section-height-default sc_fly_static\" data-id=\"d802fca\" data-element_type=\"section\" data-e-type=\"section\">\n\t\t\t\t\t\t<div class=\"elementor-container elementor-column-gap-extended\">\n\t\t\t\t\t<div class=\"elementor-column elementor-col-100 elementor-top-column elementor-element elementor-element-520b9a3 sc_content_align_inherit sc_layouts_column_icons_position_left sc_fly_static\" data-id=\"520b9a3\" data-element_type=\"column\" data-e-type=\"column\">\n\t\t\t<div class=\"elementor-widget-wrap elementor-element-populated\">\n\t\t\t\t\t\t<div class=\"elementor-element elementor-element-570ffd6 sc_height_extra_huge sc_fly_static elementor-widget elementor-widget-spacer\" data-id=\"570ffd6\" data-element_type=\"widget\" data-e-type=\"widget\" data-widget_type=\"spacer.default\">\n\t\t\t\t<div class=\"elementor-widget-container\">\n\t\t\t\t\t\t\t<div class=\"elementor-spacer\">\n\t\t\t<div class=\"elementor-spacer-inner\"><\/div>\n\t\t<\/div>\n\t\t\t\t\t\t<\/div>\n\t\t\t\t<\/div>\n\t\t\t\t\t<\/div>\n\t\t<\/div>\n\t\t\t\t\t<\/div>\n\t\t<\/section>\n\t\t\t\t<\/div>\n\t\t","protected":false},"excerpt":{"rendered":"<p>KONTAKTE KONTAKTE Ferienhaus in Palinuro Ort: Palinuro (SA) \u2013 Localit\u00e0 Saline E-Mail: info@casa-palinuro-vacanze.com Mobiltelefon 1: (+39) 333.602.1660 Mobiltelefon 2: (+39) 340.227.3374 \u2709\ufe0fSchnellkontakt F\u00fcr eine schnelle Kontaktaufnahme f\u00fcllen Sie bitte das&hellip;<\/p>\n","protected":false},"author":2,"featured_media":0,"parent":0,"menu_order":0,"comment_status":"closed","ping_status":"closed","template":"","meta":{"footnotes":""},"class_list":["post-44544","page","type-page","status-publish","hentry"],"_links":{"self":[{"href":"https:\/\/casa-palinuro-vacanze.com\/de\/wp-json\/wp\/v2\/pages\/44544","targetHints":{"allow":["GET"]}}],"collection":[{"href":"https:\/\/casa-palinuro-vacanze.com\/de\/wp-json\/wp\/v2\/pages"}],"about":[{"href":"https:\/\/casa-palinuro-vacanze.com\/de\/wp-json\/wp\/v2\/types\/page"}],"author":[{"embeddable":true,"href":"https:\/\/casa-palinuro-vacanze.com\/de\/wp-json\/wp\/v2\/users\/2"}],"replies":[{"embeddable":true,"href":"https:\/\/casa-palinuro-vacanze.com\/de\/wp-json\/wp\/v2\/comments?post=44544"}],"version-history":[{"count":0,"href":"https:\/\/casa-palinuro-vacanze.com\/de\/wp-json\/wp\/v2\/pages\/44544\/revisions"}],"wp:attachment":[{"href":"https:\/\/casa-palinuro-vacanze.com\/de\/wp-json\/wp\/v2\/media?parent=44544"}],"curies":[{"name":"wp","href":"https:\/\/api.w.org\/{rel}","templated":true}]}}