{"id":44789,"date":"2025-11-19T12:01:08","date_gmt":"2025-11-19T12:01:08","guid":{"rendered":"https:\/\/casa-palinuro-vacanze.com\/?page_id=44789"},"modified":"2026-02-04T10:51:53","modified_gmt":"2026-02-04T10:51:53","slug":"trekking-in-palinuro","status":"publish","type":"page","link":"https:\/\/casa-palinuro-vacanze.com\/de\/trekking-in-palinuro\/","title":{"rendered":"Trekking in Palinuro"},"content":{"rendered":"\t\t<div data-elementor-type=\"wp-page\" data-elementor-id=\"44789\" class=\"elementor elementor-44789 elementor-43470\" data-elementor-post-type=\"page\">\n\t\t\t\t\t\t<section class=\"elementor-section elementor-top-section elementor-element elementor-element-720f0de elementor-section-full_width elementor-section-content-middle elementor-section-stretched elementor-section-height-default elementor-section-height-default sc_fly_static\" data-id=\"720f0de\" data-element_type=\"section\" data-e-type=\"section\" data-settings=\"{&quot;stretch_section&quot;:&quot;section-stretched&quot;,&quot;background_background&quot;:&quot;classic&quot;,&quot;shape_divider_bottom&quot;:&quot;mountains&quot;}\">\n\t\t\t\t\t\t\t<div class=\"elementor-background-overlay\"><\/div>\n\t\t\t\t\t\t<div class=\"elementor-shape elementor-shape-bottom\" aria-hidden=\"true\" data-negative=\"false\">\n\t\t\t<svg xmlns=\"http:\/\/www.w3.org\/2000\/svg\" viewBox=\"0 0 1000 100\" preserveAspectRatio=\"none\">\n\t<path class=\"elementor-shape-fill\" opacity=\"0.33\" d=\"M473,67.3c-203.9,88.3-263.1-34-320.3,0C66,119.1,0,59.7,0,59.7V0h1000v59.7 c0,0-62.1,26.1-94.9,29.3c-32.8,3.3-62.8-12.3-75.8-22.1C806,49.6,745.3,8.7,694.9,4.7S492.4,59,473,67.3z\"\/>\n\t<path class=\"elementor-shape-fill\" opacity=\"0.66\" d=\"M734,67.3c-45.5,0-77.2-23.2-129.1-39.1c-28.6-8.7-150.3-10.1-254,39.1 s-91.7-34.4-149.2,0C115.7,118.3,0,39.8,0,39.8V0h1000v36.5c0,0-28.2-18.5-92.1-18.5C810.2,18.1,775.7,67.3,734,67.3z\"\/>\n\t<path class=\"elementor-shape-fill\" d=\"M766.1,28.9c-200-57.5-266,65.5-395.1,19.5C242,1.8,242,5.4,184.8,20.6C128,35.8,132.3,44.9,89.9,52.5C28.6,63.7,0,0,0,0 h1000c0,0-9.9,40.9-83.6,48.1S829.6,47,766.1,28.9z\"\/>\n<\/svg>\t\t<\/div>\n\t\t\t\t\t<div class=\"elementor-container elementor-column-gap-default\">\n\t\t\t\t\t<div class=\"elementor-column elementor-col-100 elementor-top-column elementor-element elementor-element-3063542 sc_content_align_inherit sc_layouts_column_icons_position_left sc_fly_static\" data-id=\"3063542\" data-element_type=\"column\" data-e-type=\"column\">\n\t\t\t<div class=\"elementor-widget-wrap elementor-element-populated\">\n\t\t\t\t\t\t<div data-animation-type=\"block\" class=\"elementor-element elementor-element-47752e0 scheme_default animation_type_block sc_fly_static elementor-invisible elementor-widget elementor-widget-trx_sc_title\" data-id=\"47752e0\" data-element_type=\"widget\" data-e-type=\"widget\" data-settings=\"{&quot;_animation&quot;:&quot;cabana-fadeinup&quot;}\" data-widget_type=\"trx_sc_title.default\">\n\t\t\t\t<div class=\"elementor-widget-container\">\n\t\t\t\t\t<div\t\tclass=\"sc_title scheme_default sc_title_default\" ><h1 class=\"sc_item_title sc_title_title sc_align_center sc_item_title_style_default sc_item_title_tag trx_addons_inline_1298984428\"\n\t\t\t><span class=\"sc_item_title_text\">TREKKING IN PALINURO?<br>\nFINDEN SIE DEN RICHTIGEN WEG<\/span><\/h1><\/div>\t\t\t\t<\/div>\n\t\t\t\t<\/div>\n\t\t\t\t\t<\/div>\n\t\t<\/div>\n\t\t\t\t\t<\/div>\n\t\t<\/section>\n\t\t\t\t<section class=\"elementor-section elementor-top-section elementor-element elementor-element-b6e8d3d elementor-section-boxed elementor-section-height-default elementor-section-height-default sc_fly_static\" data-id=\"b6e8d3d\" data-element_type=\"section\" data-e-type=\"section\">\n\t\t\t\t\t\t<div class=\"elementor-container elementor-column-gap-extended\">\n\t\t\t\t\t<div class=\"elementor-column elementor-col-100 elementor-top-column elementor-element elementor-element-26496ba sc_content_align_inherit sc_layouts_column_icons_position_left sc_fly_static\" data-id=\"26496ba\" data-element_type=\"column\" data-e-type=\"column\">\n\t\t\t<div class=\"elementor-widget-wrap elementor-element-populated\">\n\t\t\t\t\t\t<div class=\"elementor-element elementor-element-7e6f73d sc_height_large sc_fly_static elementor-widget elementor-widget-spacer\" data-id=\"7e6f73d\" data-element_type=\"widget\" data-e-type=\"widget\" data-widget_type=\"spacer.default\">\n\t\t\t\t<div class=\"elementor-widget-container\">\n\t\t\t\t\t\t\t<div class=\"elementor-spacer\">\n\t\t\t<div class=\"elementor-spacer-inner\"><\/div>\n\t\t<\/div>\n\t\t\t\t\t\t<\/div>\n\t\t\t\t<\/div>\n\t\t\t\t\t<\/div>\n\t\t<\/div>\n\t\t\t\t\t<\/div>\n\t\t<\/section>\n\t\t\t\t<section class=\"elementor-section elementor-top-section elementor-element elementor-element-3ddac41 elementor-section-boxed elementor-section-height-default elementor-section-height-default sc_fly_static\" data-id=\"3ddac41\" data-element_type=\"section\" data-e-type=\"section\">\n\t\t\t\t\t\t<div class=\"elementor-container elementor-column-gap-extended\">\n\t\t\t\t\t<div class=\"elementor-column elementor-col-100 elementor-top-column elementor-element elementor-element-97fde22 sc_content_align_inherit sc_layouts_column_icons_position_left sc_fly_static\" data-id=\"97fde22\" data-element_type=\"column\" data-e-type=\"column\">\n\t\t\t<div class=\"elementor-widget-wrap elementor-element-populated\">\n\t\t\t\t\t\t<div class=\"elementor-element elementor-element-e794a57 sc_fly_static elementor-widget elementor-widget-text-editor\" data-id=\"e794a57\" data-element_type=\"widget\" data-e-type=\"widget\" data-widget_type=\"text-editor.default\">\n\t\t\t\t<div class=\"elementor-widget-container\">\n\t\t\t\t\t\t\t\t\t<h2>Praktischer Leitfaden f\u00fcr Trekkingliebhaber in Palinuro<\/h2>\nOb Sie ein erfahrener Abenteurer oder ein begeisterter Anf\u00e4nger sind \u2013 dieser Leitfaden bringt Sie auf den richtigen Weg und liefert Ihnen alles, was Sie brauchen, um Ihre Lust auf Trekking in Palinuro voll auszuleben. Von unseren casa vacanze in Palinuro, Centola, aus k\u00f6nnen Sie spannende Wege und Routen starten, die Sie zur Entdeckung der atemberaubenden Natur des Nationalparks Cilento, Vallo di Diano und Alburni f\u00fchren. Im Folgenden beantworten wir die drei h\u00e4ufigsten Fragen zum Trekking in Palinuro, die uns die G\u00e4ste unserer Unterkunft stellen, bevor sie sich auf unber\u00fchrte Pfade begeben.\n\t\t\t\t\t\t\t\t<\/div>\n\t\t\t\t<\/div>\n\t\t\t\t<div class=\"elementor-element elementor-element-858088e sc_height_small sc_fly_static elementor-widget elementor-widget-spacer\" data-id=\"858088e\" data-element_type=\"widget\" data-e-type=\"widget\" data-widget_type=\"spacer.default\">\n\t\t\t\t<div class=\"elementor-widget-container\">\n\t\t\t\t\t\t\t<div class=\"elementor-spacer\">\n\t\t\t<div class=\"elementor-spacer-inner\"><\/div>\n\t\t<\/div>\n\t\t\t\t\t\t<\/div>\n\t\t\t\t<\/div>\n\t\t\t\t<div class=\"elementor-element elementor-element-b29cf57 sc_fly_static elementor-widget elementor-widget-image\" data-id=\"b29cf57\" data-element_type=\"widget\" data-e-type=\"widget\" data-widget_type=\"image.default\">\n\t\t\t\t<div class=\"elementor-widget-container\">\n\t\t\t\t\t\t\t\t\t\t\t\t\t\t\t<img fetchpriority=\"high\" decoding=\"async\" width=\"1024\" height=\"683\" src=\"https:\/\/casa-palinuro-vacanze.com\/wp-content\/uploads\/2025\/11\/TREKKING-1024x683.jpg\" class=\"attachment-large size-large wp-image-44557\" alt=\"\" srcset=\"https:\/\/casa-palinuro-vacanze.com\/wp-content\/uploads\/2025\/11\/TREKKING-1024x683.jpg 1024w, https:\/\/casa-palinuro-vacanze.com\/wp-content\/uploads\/2025\/11\/TREKKING-300x200.jpg 300w, https:\/\/casa-palinuro-vacanze.com\/wp-content\/uploads\/2025\/11\/TREKKING-768x512.jpg 768w, https:\/\/casa-palinuro-vacanze.com\/wp-content\/uploads\/2025\/11\/TREKKING-1536x1024.jpg 1536w, https:\/\/casa-palinuro-vacanze.com\/wp-content\/uploads\/2025\/11\/TREKKING-370x247.jpg 370w, https:\/\/casa-palinuro-vacanze.com\/wp-content\/uploads\/2025\/11\/TREKKING-840x560.jpg 840w, https:\/\/casa-palinuro-vacanze.com\/wp-content\/uploads\/2025\/11\/TREKKING-410x273.jpg 410w, https:\/\/casa-palinuro-vacanze.com\/wp-content\/uploads\/2025\/11\/TREKKING-730x487.jpg 730w, https:\/\/casa-palinuro-vacanze.com\/wp-content\/uploads\/2025\/11\/TREKKING.jpg 1920w\" sizes=\"(max-width: 1024px) 100vw, 1024px\" \/>\t\t\t\t\t\t\t\t\t\t\t\t\t\t\t<\/div>\n\t\t\t\t<\/div>\n\t\t\t\t<div class=\"elementor-element elementor-element-0554580 sc_height_small sc_fly_static elementor-widget elementor-widget-spacer\" data-id=\"0554580\" data-element_type=\"widget\" data-e-type=\"widget\" data-widget_type=\"spacer.default\">\n\t\t\t\t<div class=\"elementor-widget-container\">\n\t\t\t\t\t\t\t<div class=\"elementor-spacer\">\n\t\t\t<div class=\"elementor-spacer-inner\"><\/div>\n\t\t<\/div>\n\t\t\t\t\t\t<\/div>\n\t\t\t\t<\/div>\n\t\t\t\t<div class=\"elementor-element elementor-element-cf5c156 sc_fly_static elementor-widget elementor-widget-text-editor\" data-id=\"cf5c156\" data-element_type=\"widget\" data-e-type=\"widget\" data-widget_type=\"text-editor.default\">\n\t\t\t\t<div class=\"elementor-widget-container\">\n\t\t\t\t\t\t\t\t\t<h3>1. Was sollte man \u00fcber das Gebiet von Centola wissen, wenn man Trekking in Palinuro betreiben m\u00f6chte?<\/h3>\nPalinuro ist der gr\u00f6\u00dfte Ortsteil der Gemeinde Centola (SA), zu der auch die Ortsteile Foria, San Nicola und San Severino geh\u00f6ren. Das gesamte Gebiet erstreckt sich \u00fcber 47,2 km\u00b2 innerhalb des Nationalparks Cilento und Vallo di Diano; Capo Palinuro ist 5,5 km entfernt. Centola ist gem\u00e4\u00df der Verordnung PCM 3274 vom 20.03.2003 als seismische Zone 3 (geringe Seismizit\u00e4t) eingestuft und weist ein mediterranes Klima auf.\n\nEs handelt sich um eine vollst\u00e4ndig bergige K\u00fcstengemeinde mit einer H\u00f6henlage der K\u00fcstenh\u00fcgelzone, die sich auf 336 Meter \u00fcber dem Meeresspiegel befindet. Die geografischen Koordinaten sind 40\u00b0 4\u2032 3\u201d Nord, 15\u00b0 18\u2032 46\u201d Ost. Wanderer sch\u00e4tzen die komplexe Geologie und Geomorphologie des Gebiets, die eine besondere Biodiversit\u00e4t mit zahlreichen f\u00fcr die Region typischen Pflanzen- und Tierarten beg\u00fcnstigt, wie die ber\u00fchmte <strong>Primel von Palinuro<\/strong> und die Aleppokiefernw\u00e4lder, Symbole der K\u00fcstenlandschaft. F\u00fcr detaillierte Informationen kann die offizielle Website der Verwaltung des Nationalparks Cilento, Vallo di Diano und Alburni konsultiert werden.\n\n<h3>2. Worauf sollte man achten, um Trekking in Palinuro sicher auszu\u00fcben?<\/h3>\nSicheres Trekking ist von grundlegender Bedeutung. Auch in Palinuro ist es wichtig, f\u00fcnf grundlegende Regeln zu beachten:\n<ul>\n \t<li><strong>Die Tour planen<\/strong>, indem Art der Aktivit\u00e4t, Route, k\u00f6rperliche Verfassung, vorhandene Anlaufstellen, Fluchtwege sowie das Allein- oder Gruppengehen ber\u00fccksichtigt werden.<\/li>\n \t<li><strong>Die Wetterbedingungen \u00fcberpr\u00fcfen<\/strong> vor dem Aufbruch und \u2013 wenn m\u00f6glich \u2013 w\u00e4hrend der Tour beobachten.<\/li>\n \t<li><strong>Jemanden informieren<\/strong> \u00fcber Startzeit, geplante R\u00fcckkehr und die gew\u00e4hlte Route.<\/li>\n \t<li><strong>Auf die Risiken des Weges achten<\/strong>, wie Steinschlag, instabile Untergr\u00fcnde, Wetterumschw\u00fcnge, giftige Vegetation, gef\u00e4hrliche Tiere sowie auf pers\u00f6nliche Faktoren (Angst, Stress, Erkrankungen, Trainingszustand).<\/li>\n \t<li><strong>Die richtige Ausr\u00fcstung mitf\u00fchren<\/strong>: Rucksack, Wasser, Proviant, Erste-Hilfe-Set, Wanderschuhe, Sonnenbrille, geeignete Kleidung.<\/li>\n<\/ul>\n\n<h3>3. Welche sind die besten Wege f\u00fcr Trekking in Palinuro?<\/h3>\nEine objektive Einstufung der \u201ebesten\u201c Routen gibt es nicht, da die Wahl stets vom Schwierigkeitsgrad und den pers\u00f6nlichen Zielen abh\u00e4ngt. Eines ist jedoch sicher: F\u00fcr welchen Weg man sich auch entscheidet, man wird von der Sch\u00f6nheit der Landschaft begeistert sein. Ein n\u00fctzliches Hilfsmittel zur Planung der eigenen Tour ist: <strong>Entdecken mit Komoot \u2013 Unverzichtbare Routen in Ihrer Umgebung<\/strong>.\n\nZu den sch\u00f6nsten Wanderungen und Trekkingtouren in Palinuro geh\u00f6ren:\n<ul>\n \t<li><strong>Capo Palinuro<\/strong> \u2013 Rundweg im Nationalpark Cilento<\/li>\n \t<li><strong>Festung von Capo Palinuro \u2013 Klippen von Punta Iacco<\/strong>, Rundweg mit Start in Palinuro<\/li>\n \t<li><strong>Statue von Palinuro \u2013 Festung von Monte d\u2019Oro<\/strong>, Rundweg mit Start in Trivento<\/li>\n \t<li><strong>Nat\u00fcrlicher Felsbogen von Palinuro<\/strong> \u2013 Rundweg mit Start in Trivento<\/li>\n<\/ul>\n\n<h3>Wie kann man die Umwelt beim Trekking in Palinuro sch\u00fctzen?<\/h3>\nUm zur Erhaltung der Natur beizutragen, gen\u00fcgt es, einfache, aber grundlegende Verhaltensweisen zu befolgen:\n<ul>\n \t<li><strong>Keinen M\u00fcll hinterlassen<\/strong>: Nehmen Sie alles mit, was Sie w\u00e4hrend der Wanderung produzieren.<\/li>\n \t<li><strong>Keine Feuer entz\u00fcnden<\/strong>: Lagerfeuer sind \u00e4u\u00dferst gef\u00e4hrlich, insbesondere in Risikogebieten.<\/li>\n \t<li><strong>Tiere nicht st\u00f6ren<\/strong>: Bewegen Sie sich respektvoll gegen\u00fcber der Tierwelt, vermeiden Sie L\u00e4rm und aufdringliches Verhalten.<\/li>\n \t<li><strong>Keine Pflanzen oder Blumen pfl\u00fccken<\/strong>: Lassen Sie alles unber\u00fchrt und halten Sie Erinnerungen in Fotos fest.<\/li>\n<\/ul>\n<em>Gutes Trekking, mein Freund!<\/em>\n\t\t\t\t\t\t\t\t<\/div>\n\t\t\t\t<\/div>\n\t\t\t\t\t<\/div>\n\t\t<\/div>\n\t\t\t\t\t<\/div>\n\t\t<\/section>\n\t\t\t\t<section class=\"elementor-section elementor-top-section elementor-element elementor-element-d5c657e elementor-section-boxed elementor-section-height-default elementor-section-height-default sc_fly_static\" data-id=\"d5c657e\" data-element_type=\"section\" data-e-type=\"section\">\n\t\t\t\t\t\t<div class=\"elementor-container elementor-column-gap-extended\">\n\t\t\t\t\t<div class=\"elementor-column elementor-col-100 elementor-top-column elementor-element elementor-element-31d490b sc_content_align_inherit sc_layouts_column_icons_position_left sc_fly_static\" data-id=\"31d490b\" data-element_type=\"column\" data-e-type=\"column\">\n\t\t\t<div class=\"elementor-widget-wrap elementor-element-populated\">\n\t\t\t\t\t\t<div class=\"elementor-element elementor-element-68e2e51 sc_height_extra_huge sc_fly_static elementor-widget elementor-widget-spacer\" data-id=\"68e2e51\" data-element_type=\"widget\" data-e-type=\"widget\" data-widget_type=\"spacer.default\">\n\t\t\t\t<div class=\"elementor-widget-container\">\n\t\t\t\t\t\t\t<div class=\"elementor-spacer\">\n\t\t\t<div class=\"elementor-spacer-inner\"><\/div>\n\t\t<\/div>\n\t\t\t\t\t\t<\/div>\n\t\t\t\t<\/div>\n\t\t\t\t\t<\/div>\n\t\t<\/div>\n\t\t\t\t\t<\/div>\n\t\t<\/section>\n\t\t\t\t<\/div>\n\t\t","protected":false},"excerpt":{"rendered":"<p>TREKKING IN PALINURO? FINDEN SIE DEN RICHTIGEN WEG Praktischer Leitfaden f\u00fcr Trekkingliebhaber in Palinuro Ob Sie ein erfahrener Abenteurer oder ein begeisterter Anf\u00e4nger sind \u2013 dieser Leitfaden bringt Sie auf&hellip;<\/p>\n","protected":false},"author":2,"featured_media":0,"parent":0,"menu_order":0,"comment_status":"closed","ping_status":"closed","template":"","meta":{"footnotes":""},"class_list":["post-44789","page","type-page","status-publish","hentry"],"_links":{"self":[{"href":"https:\/\/casa-palinuro-vacanze.com\/de\/wp-json\/wp\/v2\/pages\/44789","targetHints":{"allow":["GET"]}}],"collection":[{"href":"https:\/\/casa-palinuro-vacanze.com\/de\/wp-json\/wp\/v2\/pages"}],"about":[{"href":"https:\/\/casa-palinuro-vacanze.com\/de\/wp-json\/wp\/v2\/types\/page"}],"author":[{"embeddable":true,"href":"https:\/\/casa-palinuro-vacanze.com\/de\/wp-json\/wp\/v2\/users\/2"}],"replies":[{"embeddable":true,"href":"https:\/\/casa-palinuro-vacanze.com\/de\/wp-json\/wp\/v2\/comments?post=44789"}],"version-history":[{"count":0,"href":"https:\/\/casa-palinuro-vacanze.com\/de\/wp-json\/wp\/v2\/pages\/44789\/revisions"}],"wp:attachment":[{"href":"https:\/\/casa-palinuro-vacanze.com\/de\/wp-json\/wp\/v2\/media?parent=44789"}],"curies":[{"name":"wp","href":"https:\/\/api.w.org\/{rel}","templated":true}]}}